{"id":2947,"date":"2025-06-24T15:16:18","date_gmt":"2025-06-24T12:16:18","guid":{"rendered":"https:\/\/crabsmedia.com.tr\/mc_dnzpol\/?page_id=2947"},"modified":"2026-01-30T14:01:06","modified_gmt":"2026-01-30T11:01:06","slug":"our-doctor","status":"publish","type":"page","link":"https:\/\/www.dnzpoliklinik.com\/en\/our-doctor\/","title":{"rendered":"Our Doctor"},"content":{"rendered":"<p><strong>Dr.Hamit Yal\u00e7\u0131n&nbsp;<\/strong><\/p>\n<p><img loading=\"lazy\" decoding=\"async\" class=\"size-medium wp-image-1642 alignright\" src=\"https:\/\/www.dnzpoliklinik.com\/wp-content\/uploads\/2025\/06\/WhatsApp-Image-2022-09-08-at-10.44.39-256x300-1.jpeg\" alt=\"\" width=\"256\" height=\"300\" title=\"\"><\/p>\n<p><strong>Date of Birth \/ Place of Birth:<\/strong><br \/>\n1956 \/ Kayseri<br \/>\n<strong>E-mail :<\/strong><br \/>\nhamityalcin@dnzpoliklinik.com<br \/>\n<strong>Language :<\/strong><br \/>\nEnglish<br \/>\n<strong>Education and Education Year :<\/strong><br \/>\n\u0130stanbul \u00dcniversitesi T\u0131p Fak\u00fcltesi \/ 1982<br \/>\n<strong>Institutions Worked:<\/strong><br \/>\n\u00d6zel DRM Poliklini\u011fi \/Kozyata\u011f\u0131 \/ \u0130stanbul<br \/>\nSSK \u0130stinye Hastanesi \/\u0130stinye \/ \u0130stanbul<br \/>\nSSK \u00dcsk\u00fcdar Dispanseri \/ \u00dcsk\u00fcdar \/ \u0130stanbul<br \/>\nAkut Poliklini\u011fi \/ Levent \/ \u0130stanbul<br \/>\n<strong>Medical Interests:<\/strong><br \/>\nHair Transplant<br \/>\nMedical Aesthetic<\/p>\n<p><strong>Dr. Emir Bolat<\/strong><br \/>\n<img loading=\"lazy\" decoding=\"async\" class=\"size-medium wp-image-1642 alignright\" src=\"https:\/\/www.dnzpoliklinik.com\/wp-content\/uploads\/2026\/01\/WhatsApp-Image-2026-01-30-at-14.07.11.jpeg\" alt=\"\" width=\"256\" height=\"300\" title=\"\"><br \/>\n<strong>Date of Birth \/ Place of Birth:<\/strong><br \/>\n23\/02\/1996 Hatay<br \/>\n<strong>Language  :<\/strong><br \/>\n\u0130ngilizce<br \/>\n<strong>Education and Education Year :<\/strong><br \/>\n\u00c7ukurova \u00dcniversitesi T\u0131p fak\u00fcltesi 2020<br \/>\nMesotherapy application certificate 2021<br \/>\nAesthetic and cosmetic applications certificate 2025<br \/>\n<strong>Medical Interests :<\/strong><br \/>\nMedical aesthetics<br \/>\nMesotherapy<br \/>\nCellular therapies<br \/>\nSkin treatments with medical devices<\/p>\n","protected":false},"excerpt":{"rendered":"<p>Dr.Hamit Yal\u00e7\u0131n&nbsp; Date of Birth \/ Place of Birth: 1956 \/ Kayseri E-mail : hamityalcin@dnzpoliklinik.com Language : English Education and Education Year : \u0130stanbul \u00dcniversitesi T\u0131p Fak\u00fcltesi \/ 1982 Institutions Worked: \u00d6zel DRM Poliklini\u011fi \/Kozyata\u011f\u0131 \/ \u0130stanbul SSK \u0130stinye Hastanesi \/\u0130stinye \/ \u0130stanbul SSK \u00dcsk\u00fcdar Dispanseri \/ \u00dcsk\u00fcdar \/ \u0130stanbul Akut Poliklini\u011fi \/ Levent \/ [&hellip;]<\/p>\n","protected":false},"author":1,"featured_media":0,"parent":0,"menu_order":0,"comment_status":"closed","ping_status":"closed","template":"","meta":{"ngg_post_thumbnail":0,"footnotes":""},"class_list":["post-2947","page","type-page","status-publish","hentry"],"_links":{"self":[{"href":"https:\/\/www.dnzpoliklinik.com\/en\/wp-json\/wp\/v2\/pages\/2947","targetHints":{"allow":["GET"]}}],"collection":[{"href":"https:\/\/www.dnzpoliklinik.com\/en\/wp-json\/wp\/v2\/pages"}],"about":[{"href":"https:\/\/www.dnzpoliklinik.com\/en\/wp-json\/wp\/v2\/types\/page"}],"author":[{"embeddable":true,"href":"https:\/\/www.dnzpoliklinik.com\/en\/wp-json\/wp\/v2\/users\/1"}],"replies":[{"embeddable":true,"href":"https:\/\/www.dnzpoliklinik.com\/en\/wp-json\/wp\/v2\/comments?post=2947"}],"version-history":[{"count":6,"href":"https:\/\/www.dnzpoliklinik.com\/en\/wp-json\/wp\/v2\/pages\/2947\/revisions"}],"predecessor-version":[{"id":3209,"href":"https:\/\/www.dnzpoliklinik.com\/en\/wp-json\/wp\/v2\/pages\/2947\/revisions\/3209"}],"wp:attachment":[{"href":"https:\/\/www.dnzpoliklinik.com\/en\/wp-json\/wp\/v2\/media?parent=2947"}],"curies":[{"name":"wp","href":"https:\/\/api.w.org\/{rel}","templated":true}]}}