{"id":2920,"date":"2025-06-24T15:03:44","date_gmt":"2025-06-24T12:03:44","guid":{"rendered":"https:\/\/crabsmedia.com.tr\/mc_dnzpol\/?page_id=2920"},"modified":"2025-06-25T13:48:20","modified_gmt":"2025-06-25T10:48:20","slug":"notre-clinique","status":"publish","type":"page","link":"https:\/\/www.dnzpoliklinik.com\/fr\/notre-clinique\/","title":{"rendered":"Notre Clinique"},"content":{"rendered":"<p>Notre m\u00e9decin d\u00e9c\u00e9d\u00e9, d\u00e9c\u00e9d\u00e9 \u00e0 un jeune \u00e2ge,&nbsp;<strong>Dr. Notre aventure m\u00e9dico-esth\u00e9tique, que nous avons commenc\u00e9e en&nbsp;2008&nbsp;sous la direction d\u2019Eylem YILDIRIMT\u00dcRK<\/strong>, est aujourd\u2019hui des deux c\u00f4t\u00e9s d\u2019Istanbul avec les derni\u00e8res technologies dans les domaines de l\u2019\u00e9pilation au laser, de la mise en forme du corps, esth\u00e9tique m\u00e9dicale et greffe de cheveux et pistes d\u2019appareils compos\u00e9es des principales marques du secteur, Elle a adopt\u00e9 le principe de fournir le meilleur service \u00e0 ses clients avec son personnel de m\u00e9decins, d\u2019infirmi\u00e8res et d\u2019esth\u00e9ticiennes expertes dans leurs domaines.<\/p>\n<p>Les touches esth\u00e9tiques changent votre monde\u2026<br \/>\n<strong>Polyclinique priv\u00e9e Levent DNZ<\/strong><\/p>\nngg_shortcode_0_placeholder\n","protected":false},"excerpt":{"rendered":"<p>Notre m\u00e9decin d\u00e9c\u00e9d\u00e9, d\u00e9c\u00e9d\u00e9 \u00e0 un jeune \u00e2ge,&nbsp;Dr. Notre aventure m\u00e9dico-esth\u00e9tique, que nous avons commenc\u00e9e en&nbsp;2008&nbsp;sous la direction d\u2019Eylem YILDIRIMT\u00dcRK, est aujourd\u2019hui des deux c\u00f4t\u00e9s d\u2019Istanbul avec les derni\u00e8res technologies dans les domaines de l\u2019\u00e9pilation au laser, de la mise en forme du corps, esth\u00e9tique m\u00e9dicale et greffe de cheveux et pistes d\u2019appareils compos\u00e9es des [&hellip;]<\/p>\n","protected":false},"author":1,"featured_media":0,"parent":0,"menu_order":0,"comment_status":"closed","ping_status":"closed","template":"","meta":{"ngg_post_thumbnail":0,"footnotes":""},"class_list":["post-2920","page","type-page","status-publish","hentry"],"_links":{"self":[{"href":"https:\/\/www.dnzpoliklinik.com\/fr\/wp-json\/wp\/v2\/pages\/2920","targetHints":{"allow":["GET"]}}],"collection":[{"href":"https:\/\/www.dnzpoliklinik.com\/fr\/wp-json\/wp\/v2\/pages"}],"about":[{"href":"https:\/\/www.dnzpoliklinik.com\/fr\/wp-json\/wp\/v2\/types\/page"}],"author":[{"embeddable":true,"href":"https:\/\/www.dnzpoliklinik.com\/fr\/wp-json\/wp\/v2\/users\/1"}],"replies":[{"embeddable":true,"href":"https:\/\/www.dnzpoliklinik.com\/fr\/wp-json\/wp\/v2\/comments?post=2920"}],"version-history":[{"count":5,"href":"https:\/\/www.dnzpoliklinik.com\/fr\/wp-json\/wp\/v2\/pages\/2920\/revisions"}],"predecessor-version":[{"id":3058,"href":"https:\/\/www.dnzpoliklinik.com\/fr\/wp-json\/wp\/v2\/pages\/2920\/revisions\/3058"}],"wp:attachment":[{"href":"https:\/\/www.dnzpoliklinik.com\/fr\/wp-json\/wp\/v2\/media?parent=2920"}],"curies":[{"name":"wp","href":"https:\/\/api.w.org\/{rel}","templated":true}]}}