{"id":2947,"date":"2025-06-24T15:16:18","date_gmt":"2025-06-24T12:16:18","guid":{"rendered":"https:\/\/crabsmedia.com.tr\/mc_dnzpol\/?page_id=2947"},"modified":"2025-06-24T15:16:41","modified_gmt":"2025-06-24T12:16:41","slug":"doktorumuz","status":"publish","type":"page","link":"https:\/\/www.dnzpoliklinik.com\/fr\/doktorumuz\/","title":{"rendered":"Doktorumuz"},"content":{"rendered":"<p><strong>Dr.Hamit Yal\u00e7\u0131n&nbsp;<\/strong><\/p>\n<p><img loading=\"lazy\" decoding=\"async\" class=\"size-medium wp-image-1642 alignright\" src=\"https:\/\/www.dnzpoliklinik.com\/wp-content\/uploads\/2025\/06\/WhatsApp-Image-2022-09-08-at-10.44.39-256x300-1.jpeg\" alt=\"\" width=\"256\" height=\"300\" title=\"\"><\/p>\n<p><strong>Do\u011fum Tarihi \/ Do\u011fum Yeri :<\/strong><br \/>\n1956 \/ Kayseri<br \/>\n<strong>E-mail :<\/strong><br \/>\nhamityalcin@dnzpoliklinik.com<br \/>\n<strong>Yabanc\u0131 Dil :<\/strong><br \/>\n\u0130ngilizce<br \/>\n<strong>E\u011fitim ve E\u011fitim Y\u0131l\u0131 : <\/strong><br \/>\n\u0130stanbul \u00dcniversitesi T\u0131p Fak\u00fcltesi \/ 1982<br \/>\n<strong>\u00c7al\u0131\u015ft\u0131\u011f\u0131 Kurumlar :<\/strong><br \/>\n\u00d6zel DRM Poliklini\u011fi \/Kozyata\u011f\u0131 \/ \u0130stanbul<br \/>\nSSK \u0130stinye Hastanesi \/\u0130stinye \/ \u0130stanbul<br \/>\nSSK \u00dcsk\u00fcdar Dispanseri \/ \u00dcsk\u00fcdar \/ \u0130stanbul<br \/>\nAkut Poliklini\u011fi \/ Levent \/ \u0130stanbul<br \/>\n<strong>T\u0131bbi \u0130lgi Alanlar\u0131 :<\/strong><br \/>\nSa\u00e7 Ekimi<br \/>\nMedikal Estetik<\/p>\n","protected":false},"excerpt":{"rendered":"<p>Dr.Hamit Yal\u00e7\u0131n&nbsp; Do\u011fum Tarihi \/ Do\u011fum Yeri : 1956 \/ Kayseri E-mail : hamityalcin@dnzpoliklinik.com Yabanc\u0131 Dil : \u0130ngilizce E\u011fitim ve E\u011fitim Y\u0131l\u0131 : \u0130stanbul \u00dcniversitesi T\u0131p Fak\u00fcltesi \/ 1982 \u00c7al\u0131\u015ft\u0131\u011f\u0131 Kurumlar : \u00d6zel DRM Poliklini\u011fi \/Kozyata\u011f\u0131 \/ \u0130stanbul SSK \u0130stinye Hastanesi \/\u0130stinye \/ \u0130stanbul SSK \u00dcsk\u00fcdar Dispanseri \/ \u00dcsk\u00fcdar \/ \u0130stanbul Akut Poliklini\u011fi \/ Levent [&hellip;]<\/p>\n","protected":false},"author":1,"featured_media":0,"parent":0,"menu_order":0,"comment_status":"closed","ping_status":"closed","template":"","meta":{"ngg_post_thumbnail":0,"footnotes":""},"class_list":["post-2947","page","type-page","status-publish","hentry"],"_links":{"self":[{"href":"https:\/\/www.dnzpoliklinik.com\/fr\/wp-json\/wp\/v2\/pages\/2947","targetHints":{"allow":["GET"]}}],"collection":[{"href":"https:\/\/www.dnzpoliklinik.com\/fr\/wp-json\/wp\/v2\/pages"}],"about":[{"href":"https:\/\/www.dnzpoliklinik.com\/fr\/wp-json\/wp\/v2\/types\/page"}],"author":[{"embeddable":true,"href":"https:\/\/www.dnzpoliklinik.com\/fr\/wp-json\/wp\/v2\/users\/1"}],"replies":[{"embeddable":true,"href":"https:\/\/www.dnzpoliklinik.com\/fr\/wp-json\/wp\/v2\/comments?post=2947"}],"version-history":[{"count":2,"href":"https:\/\/www.dnzpoliklinik.com\/fr\/wp-json\/wp\/v2\/pages\/2947\/revisions"}],"predecessor-version":[{"id":2950,"href":"https:\/\/www.dnzpoliklinik.com\/fr\/wp-json\/wp\/v2\/pages\/2947\/revisions\/2950"}],"wp:attachment":[{"href":"https:\/\/www.dnzpoliklinik.com\/fr\/wp-json\/wp\/v2\/media?parent=2947"}],"curies":[{"name":"wp","href":"https:\/\/api.w.org\/{rel}","templated":true}]}}